{"id":28,"date":"2012-08-29T20:25:53","date_gmt":"2012-08-29T17:25:53","guid":{"rendered":"http:\/\/kestilankisaveikot.net\/wordpress\/?page_id=28"},"modified":"2012-08-29T20:43:14","modified_gmt":"2012-08-29T17:43:14","slug":"seura","status":"publish","type":"page","link":"http:\/\/kestilankisaveikot.net\/wordpress\/seura\/","title":{"rendered":"Seura"},"content":{"rendered":"<p><span style=\"color: #993300;\"><strong>Kestil\u00e4n Kisa-Veikot<\/strong><\/span><\/p>\n<p>Kestil\u00e4n Kisa-Veikkojen perustamisp\u00e4\u00e4t\u00f6s tehtiin vuonna 1935 ja rekister\u00f6itiin seuraavana vuonna 1936, jota pidet\u00e4\u00e4n seuran perustamisvuotena.<\/p>\n<p>Seuran j\u00e4senm\u00e4\u00e4r\u00e4 on yli kaksi sataa, jota voidaan pit\u00e4\u00e4 ihan hyv\u00e4n\u00e4 asukasm\u00e4\u00e4r\u00e4 huomioon ottaen.<\/p>\n<p><img decoding=\"async\" src=\"http:\/\/www.kestilankisaveikot.net\/kuvat\/old_pesis.jpg\" alt=\"\" align=\"right\" hspace=\"2\" vspace=\"2\" \/>Seurassa harrastetut lajit ovat vaihdelleet vuosien saatossa kulloisenkin vet\u00e4j\u00e4tilanteen ja ajan virtausten mukaan. Kolme lajia on ollut seuran ohjelmassa koko ajan, hiihto, pes\u00e4pallo ja yleisurheilu. T\u00e4ll\u00e4 hetkell\u00e4 toimintaa on hiihdossa ja ampumahiihdossa sek\u00e4 yleisurheilussa. Pes\u00e4pallossa ei ole joukkuetta, mutta lajitoimintaa jonkin verran ja laji pidet\u00e4\u00e4n seuran lajiohjelmassa perinteit\u00e4 kunnioittaen ja parempia aikoja odottaen.<\/p>\n<p>Seuran merkkitapahtumia ovat; perinteinen Suomen vanhin katkeamattomana sarjana j\u00e4rjestetty kilpahiihto Laskiaishiihto, ampumahiihdon piiricup, piirikunnalliset yleisurheilu-kilpailut, Kestil\u00e4-p\u00e4ivien urheilutapahtumina nappulakisa ja ukkomiehet &#8211; poikamiehet pes\u00e4pallo-ottelu. Hiihdossa ja yleisurheilussa Siikalatvacup muodostaa my\u00f6s kiinte\u00e4n kilpailutapahtumasarjan.<\/p>\n<p>Kestil\u00e4n ylpeys Laskiaishiihdot on j\u00e4rjestetty 120 kertaa. v 1891 ensimm\u00e4inen kilpahiihto j\u00e4rjestettiin Siikajoen j\u00e4\u00e4ll\u00e4, josta se siirrettiin v.1927 murtomaahiihdoksi nykyisen Kisapirtin, silloisen Nuorisoseuran maastoon. 1968 kilpailupaikaksi muuttui Kangasj\u00e4rven hiihtomaja ja maastot. Yhdeks\u00e4nkymment\u00e4 luvun taitteessa kisat pidettiin muutaman kerran taas Kisapirtin maastossa, josta takaisin Kangasj\u00e4rvelle. Maksinharjun maja valmistui v.1999, jonka maastossa kisat onkin sitten j\u00e4rjestetty. v. 2008 kilpailup\u00e4iv\u00e4 muuttuu laskiaistiistailta laskiais-sunnuntaiksi. Paineita kilpailup\u00e4iv\u00e4n muuttamiseksi on ollut jo pitk\u00e4\u00e4n. Osanottajam\u00e4\u00e4r\u00e4t ovat laskeneet arkip\u00e4iv\u00e4n kilpailussa nykyajan kiireisess\u00e4 el\u00e4m\u00e4nmenossa. Koululaistenkin on vaikeaa saada vapaata kilpahiihtoa varten, joten historiallinen muutos nyt sitten tapahtuu, mutta laskiaishiihtoperinne jatkuu.<\/p>\n<p>Hiihdon ja ampumahiihdon suurin menestys on viimevuosina tullut veteraanisarjojen SM-tasolla.<\/p>\n<p><img decoding=\"async\" src=\"http:\/\/www.kestilankisaveikot.net\/kuvat\/old_urheilijat_huoltajineen.jpg\" alt=\"\" align=\"right\" hspace=\"2\" vspace=\"2\" \/>Yleisurheilussa seuran nuoret ovat menestyneet viimevuosina eritt\u00e4in hyvin. Suomen Mestaruuksia ja mitaleita on tullut useita. Joukkueena seuran nuoret ovat olleet valtakunnallisessa Vattenfall seuracup\u00b4ssa aivan k\u00e4rkisijoilla pienten kuntien sarjassa. Piiritasolla seura hallitsee PP:n piiriss\u00e4.<\/p>\n<p>Kisa-Veikot tarjoaa j\u00e4senilleen monipuolista kilpailu- ja harrastustoimintaa.<\/p>\n<p>Tervetuloa tutustumaan seuraan ja seuran toimintaan.<\/p>\n","protected":false},"excerpt":{"rendered":"<p>Kestil\u00e4n Kisa-Veikot Kestil\u00e4n Kisa-Veikkojen perustamisp\u00e4\u00e4t\u00f6s tehtiin vuonna 1935 ja rekister\u00f6itiin seuraavana vuonna 1936, jota pidet\u00e4\u00e4n seuran perustamisvuotena. Seuran j\u00e4senm\u00e4\u00e4r\u00e4 on yli kaksi sataa, jota voidaan pit\u00e4\u00e4 ihan hyv\u00e4n\u00e4 asukasm\u00e4\u00e4r\u00e4 huomioon ottaen. Seurassa harrastetut lajit ovat vaihdelleet vuosien saatossa kulloisenkin vet\u00e4j\u00e4tilanteen ja ajan virtausten mukaan. Kolme lajia on ollut seuran ohjelmassa koko ajan, hiihto, pes\u00e4pallo ja [&hellip;]<\/p>\n","protected":false},"author":101011,"featured_media":0,"parent":0,"menu_order":0,"comment_status":"open","ping_status":"open","template":"","meta":{"ngg_post_thumbnail":0,"footnotes":""},"class_list":["post-28","page","type-page","status-publish","hentry"],"_links":{"self":[{"href":"http:\/\/kestilankisaveikot.net\/wordpress\/wp-json\/wp\/v2\/pages\/28","targetHints":{"allow":["GET"]}}],"collection":[{"href":"http:\/\/kestilankisaveikot.net\/wordpress\/wp-json\/wp\/v2\/pages"}],"about":[{"href":"http:\/\/kestilankisaveikot.net\/wordpress\/wp-json\/wp\/v2\/types\/page"}],"author":[{"embeddable":true,"href":"http:\/\/kestilankisaveikot.net\/wordpress\/wp-json\/wp\/v2\/users\/101011"}],"replies":[{"embeddable":true,"href":"http:\/\/kestilankisaveikot.net\/wordpress\/wp-json\/wp\/v2\/comments?post=28"}],"version-history":[{"count":2,"href":"http:\/\/kestilankisaveikot.net\/wordpress\/wp-json\/wp\/v2\/pages\/28\/revisions"}],"predecessor-version":[{"id":36,"href":"http:\/\/kestilankisaveikot.net\/wordpress\/wp-json\/wp\/v2\/pages\/28\/revisions\/36"}],"wp:attachment":[{"href":"http:\/\/kestilankisaveikot.net\/wordpress\/wp-json\/wp\/v2\/media?parent=28"}],"curies":[{"name":"wp","href":"https:\/\/api.w.org\/{rel}","templated":true}]}}