{"id":192,"date":"2012-09-01T23:53:07","date_gmt":"2012-09-01T20:53:07","guid":{"rendered":"http:\/\/kestilankisaveikot.net\/wordpress\/?page_id=192"},"modified":"2024-04-03T18:23:17","modified_gmt":"2024-04-03T16:23:17","slug":"kkvn-kunniapuheenjohtajat-ja-ainaisjasenet","status":"publish","type":"page","link":"http:\/\/kestilankisaveikot.net\/wordpress\/kkvn-kunniapuheenjohtajat-ja-ainaisjasenet\/","title":{"rendered":"KKV:n kunniapuheenjohtajat ja ainaisj\u00e4senet"},"content":{"rendered":"<p><strong>Kestil\u00e4n Kisa-Veikot<\/strong><\/p>\n<p><strong>Kunniapuheenjohtajat<\/strong><br \/>\nAimo Suorsa (2006)<br \/>\nErkki Helander (2024)<\/p>\n<p><strong>Ainaisj\u00e4senet<\/strong><br \/>\n1990 Karjaluoto Maija nro 12<br \/>\n1990 Leinonen Antti nro 13<br \/>\n1990 Leinonen Risto nro 14<br \/>\n2002 H\u00e4meenaho Veikko nro 15<br \/>\n2006 Pehkonen Paavo nro 16<br \/>\n2006 Niiranen Hilkka nro 17<br \/>\n2006 Karppinen Esko nro 18<br \/>\n2007 Hyv\u00e4rinen Jouko nro 19<br \/>\n2007 Koskinen Juha nro 20<br \/>\n2007 Koskinen Arja nro 21<br \/>\n2008 Karioja Matti nro 22<br \/>\n2009 Savilampi Tapani nro 23<br \/>\n2009 Niiranen Antero nro 24<br \/>\n2009 Junkkari Aulis nro 25<br \/>\n2009 H\u00e4rm\u00e4 Hannu nro 26<br \/>\n2010 Huovinen Arto nro 27<br \/>\n2010 Helander Veikko nro 28<br \/>\n2010 Autio Pekka nro 29<br \/>\n2011 Yrttiaho Pekka nro 30<br \/>\n2011 Suorsa Aimo nro 31<br \/>\n2011 Suorsa Heleena nro 32<br \/>\n2011 V\u00e4yrynen Anni nro 33<br \/>\n2012 Suihkonen Matti nro 34<br \/>\n2012 Suihkonen Sirkka nro 35<br \/>\n2013 Kiiskinen Annikki nro 36<br \/>\n2013 Kiiskinen Miika nro 37<br \/>\n2013 Remahl Pentti nro 38<br \/>\n2014 Taipaleenm\u00e4ki Marko nro 39<br \/>\n2015 Tuomaala Risto nro 40<br \/>\n2016 Helander Heleena nro 41<br \/>\n2016 Helander Pekka nro 42<br \/>\n2016 Sirkku Vainio-Hynnil\u00e4 (Mannermaa) nro 43<br \/>\n2017 Rasinkangas Arto nro 44<br \/>\n2017 Palmu Markku nro 45<br \/>\n2017 Mannermaa Paavo nro 46<br \/>\n2018 Puurunen Pertti nro 47<br \/>\n2018 Puurunen Oili nro 48<br \/>\n2018 Hyv\u00e4rinen Aarne nro 49<br \/>\n2018 Keskitalo Arja nro 50<br \/>\n2018 Keskitalo Tapani nro 51<br \/>\n2019 Alasalmi Elina nro 52<br \/>\n2019 Knuutinen Luukas nro 53<br \/>\n2019 Knuutinen Siiri nro 54<br \/>\n2023 Markku Rantanen nro 55<\/p>\n<p style=\"text-align: center;\">&nbsp;<\/p>\n","protected":false},"excerpt":{"rendered":"<p>Kestil\u00e4n Kisa-Veikot Kunniapuheenjohtajat Aimo Suorsa (2006) Erkki Helander (2024) Ainaisj\u00e4senet 1990 Karjaluoto Maija nro 12 1990 Leinonen Antti nro 13 1990 Leinonen Risto nro 14 2002 H\u00e4meenaho Veikko nro 15 2006 Pehkonen Paavo nro 16 2006 Niiranen Hilkka nro 17 2006 Karppinen Esko nro 18 2007 Hyv\u00e4rinen Jouko nro 19 2007 Koskinen Juha nro 20 [&hellip;]<\/p>\n","protected":false},"author":101011,"featured_media":0,"parent":0,"menu_order":0,"comment_status":"closed","ping_status":"open","template":"","meta":{"ngg_post_thumbnail":0,"footnotes":""},"class_list":["post-192","page","type-page","status-publish","hentry"],"_links":{"self":[{"href":"http:\/\/kestilankisaveikot.net\/wordpress\/wp-json\/wp\/v2\/pages\/192","targetHints":{"allow":["GET"]}}],"collection":[{"href":"http:\/\/kestilankisaveikot.net\/wordpress\/wp-json\/wp\/v2\/pages"}],"about":[{"href":"http:\/\/kestilankisaveikot.net\/wordpress\/wp-json\/wp\/v2\/types\/page"}],"author":[{"embeddable":true,"href":"http:\/\/kestilankisaveikot.net\/wordpress\/wp-json\/wp\/v2\/users\/101011"}],"replies":[{"embeddable":true,"href":"http:\/\/kestilankisaveikot.net\/wordpress\/wp-json\/wp\/v2\/comments?post=192"}],"version-history":[{"count":18,"href":"http:\/\/kestilankisaveikot.net\/wordpress\/wp-json\/wp\/v2\/pages\/192\/revisions"}],"predecessor-version":[{"id":3725,"href":"http:\/\/kestilankisaveikot.net\/wordpress\/wp-json\/wp\/v2\/pages\/192\/revisions\/3725"}],"wp:attachment":[{"href":"http:\/\/kestilankisaveikot.net\/wordpress\/wp-json\/wp\/v2\/media?parent=192"}],"curies":[{"name":"wp","href":"https:\/\/api.w.org\/{rel}","templated":true}]}}