{"id":172,"date":"2012-09-01T22:29:30","date_gmt":"2012-09-01T19:29:30","guid":{"rendered":"http:\/\/kestilankisaveikot.net\/wordpress\/?page_id=172"},"modified":"2014-03-05T20:10:51","modified_gmt":"2014-03-05T18:10:51","slug":"selvitys-bingopelilla-saadun-tuoton-kaytosta","status":"publish","type":"page","link":"http:\/\/kestilankisaveikot.net\/wordpress\/selvitys-bingopelilla-saadun-tuoton-kaytosta\/","title":{"rendered":"Selvitys bingopelill\u00e4 saadun tuoton k\u00e4yt\u00f6st\u00e4"},"content":{"rendered":"<p>Bingopelill\u00e4 saatu raha k\u00e4ytet\u00e4\u00e4n yleishy\u00f6dyllisen yhdistyksen urheiluseuran toimintaan.<br \/>\nMihin rahaa k\u00e4ytet\u00e4\u00e4n, ilmenee toimintakertomuksesta ja tilinp\u00e4\u00e4t\u00f6ksest\u00e4.<br \/>\nSeuran toiminta perustuu vapaaehtoisuuteen ja talkootoimintaan.<\/p>\n<p>Kestil\u00e4 29.12.2009<\/p>\n<p>Erkki Helander<br \/>\nPuheenjohtaja<br \/>\nKestil\u00e4n Kisa-Veikot ry<br \/>\nSeurantie 3<br \/>\n92700 Kestil\u00e4<\/p>\n","protected":false},"excerpt":{"rendered":"<p>Bingopelill\u00e4 saatu raha k\u00e4ytet\u00e4\u00e4n yleishy\u00f6dyllisen yhdistyksen urheiluseuran toimintaan. Mihin rahaa k\u00e4ytet\u00e4\u00e4n, ilmenee toimintakertomuksesta ja tilinp\u00e4\u00e4t\u00f6ksest\u00e4. Seuran toiminta perustuu vapaaehtoisuuteen ja talkootoimintaan. Kestil\u00e4 29.12.2009 Erkki Helander Puheenjohtaja Kestil\u00e4n Kisa-Veikot ry Seurantie 3 92700 Kestil\u00e4<\/p>\n","protected":false},"author":101011,"featured_media":0,"parent":0,"menu_order":0,"comment_status":"closed","ping_status":"open","template":"","meta":{"ngg_post_thumbnail":0,"footnotes":""},"class_list":["post-172","page","type-page","status-publish","hentry"],"_links":{"self":[{"href":"http:\/\/kestilankisaveikot.net\/wordpress\/wp-json\/wp\/v2\/pages\/172","targetHints":{"allow":["GET"]}}],"collection":[{"href":"http:\/\/kestilankisaveikot.net\/wordpress\/wp-json\/wp\/v2\/pages"}],"about":[{"href":"http:\/\/kestilankisaveikot.net\/wordpress\/wp-json\/wp\/v2\/types\/page"}],"author":[{"embeddable":true,"href":"http:\/\/kestilankisaveikot.net\/wordpress\/wp-json\/wp\/v2\/users\/101011"}],"replies":[{"embeddable":true,"href":"http:\/\/kestilankisaveikot.net\/wordpress\/wp-json\/wp\/v2\/comments?post=172"}],"version-history":[{"count":3,"href":"http:\/\/kestilankisaveikot.net\/wordpress\/wp-json\/wp\/v2\/pages\/172\/revisions"}],"predecessor-version":[{"id":1145,"href":"http:\/\/kestilankisaveikot.net\/wordpress\/wp-json\/wp\/v2\/pages\/172\/revisions\/1145"}],"wp:attachment":[{"href":"http:\/\/kestilankisaveikot.net\/wordpress\/wp-json\/wp\/v2\/media?parent=172"}],"curies":[{"name":"wp","href":"https:\/\/api.w.org\/{rel}","templated":true}]}}