{"id":165,"date":"2012-09-01T22:26:50","date_gmt":"2012-09-01T19:26:50","guid":{"rendered":"http:\/\/kestilankisaveikot.net\/wordpress\/?page_id=165"},"modified":"2023-11-27T14:47:54","modified_gmt":"2023-11-27T12:47:54","slug":"kestilan-kisa-veikkojen-bingo-pelin-saannot-ja-ohjeet","status":"publish","type":"page","link":"http:\/\/kestilankisaveikot.net\/wordpress\/kestilan-kisa-veikkojen-bingo-pelin-saannot-ja-ohjeet\/","title":{"rendered":"Kestil\u00e4n Kisa-Veikkojen bingopelin s\u00e4\u00e4nn\u00f6t ja ohjeet"},"content":{"rendered":"<p>S\u00e4\u00e4nn\u00f6t perustuvat yleisiin bingopeliohjeisiin ja k\u00e4yt\u00e4nt\u00f6\u00f6n.<\/p>\n<p>Bingopeliss\u00e4 k\u00e4ytet\u00e4\u00e4n virallisia hyv\u00e4ksyttyj\u00e4 pelikirjoja ja pelilehti\u00e4. Pelikirja sis\u00e4lt\u00e4\u00e4 kuusi pelilehte\u00e4, jotka pelataan numeroidussa j\u00e4rjestyksess\u00e4. Pelikirjan lis\u00e4ksi pelataan erillinen viisikkobingolehti ja irtolehti. Irtolehdell\u00e4 pelataan Bingon p\u00e4\u00e4voitto. Pelaaja voi ostaa erikseen tai yhdess\u00e4 yhden tai useamman pelikirjan, viisikkobingolehden ja irtolehden.<\/p>\n<p>Bingoa py\u00f6ritt\u00e4\u00e4 pelin johtaja. Jos k\u00e4ytet\u00e4\u00e4n mekaanista arvontalaitetta, ennen pelin alkua joku mukana oleva pelaaja tarkastaa tarkastuslaudalta, ett\u00e4 kaikki pelipallot ovat mukana. Pelinjohtaja py\u00f6ritt\u00e4\u00e4 pallokorista yhden pallon ja ilmoittaa sen numeron, jonka pelaajat merkkaavat pelilehdell\u00e4\u00e4n ja pelinjohtaja laittaa numeropallon tarkastuslaudalle. Sitten seuraava pallo ja n\u00e4in peli etenee.<\/p>\n<p>S\u00e4hk\u00f6isen\u00e4 arvontalaitteena k\u00e4ytet\u00e4\u00e4n kannettavaa tietokonetta ja MultiCom300-bingoarvontaohjelmaa. Ohjelma lukee numerot automaattisesti ja ne kuuluvat tilan kaiuttimista. Pelin johtaja voi tauottaa\/s\u00e4\u00e4t\u00e4\u00e4 lukemisen nopeutta ohjelmasta.<\/p>\n<p>Ensimm\u00e4iseksi pelataan erillinen \u201dViisikkobingo\u201d, joka on kolmiruutuinen pelilehti. Voittopalkinto annetaan ensimm\u00e4iselle, joka on saanut yhden rivin t\u00e4yteen ja ilmoittanut sen BINGO-huudollaan, sitten kahdesta, kolmesta, nelj\u00e4st\u00e4 ja t\u00e4ydest\u00e4 viidest\u00e4 rivist\u00e4. T\u00e4ydet rivit tulee olla samassa peliruudussa vaakarivein\u00e4. Ruudun keskimm\u00e4inen harmaapohjainen numero on aina riviss\u00e4 valmiiksi mukana riippumatta siit\u00e4, onko se py\u00f6ritetty pallokorista vai ei.<\/p>\n<p>Seuraavaksi pelataan varsinainen pelikirja, jossa on kuusi numeroitua erikseen pelattavaa lehte\u00e4. Ensimm\u00e4inen voitto annetaan pelaajille, kun pelilehden yhdess\u00e4 peliruudussa on kolme allekkaista tai rinnakkaista numeroa ilman tyhj\u00e4\u00e4 v\u00e4liruutua (Kestil\u00e4ss\u00e4 n\u00e4it\u00e4 nimitet\u00e4\u00e4n tolpaksi ja vaakaksi). Seuraavaksi pelataan yksi numerorivi t\u00e4yteen. N\u00e4m\u00e4 kaksi ensimm\u00e4ist\u00e4 bingoa saattavat tulla my\u00f6s toisessa j\u00e4rjestyksess\u00e4, jolloin voitot annetaan sen mukaisesti. Seuraavaksi pelataan kaksi rivi\u00e4 t\u00e4yteen ja sitten kolme rivi\u00e4. T\u00e4ydet rivit tulee olla samassa peliruudussa. Kun ensimm\u00e4isen lehden kolmen rivin bingo on pelattu, siirryt\u00e4\u00e4n pelaaman toista lehte\u00e4 samalla tavalla kuin ensimm\u00e4inenkin, ja niin edelleen kaikki kuusi pelilehte\u00e4. Aina uuden pelilehden alkaessa numeropallot laitetaan takaisin pelikoriin.<\/p>\n<p>Kun pelattava rivim\u00e4\u00e4r\u00e4 tulee t\u00e4yteen, ilmoittaa pelaaja sen BINGO-huudollaan tai muutoin selke\u00e4sti ilmoittaen. Pelaaja on vastuussa itse, ett\u00e4 pelinjohtaja kuulee ja huomioi huudon. Mekaanisella koneella pelattu peli tarkistetaan siten, ett\u00e4 peliavustaja ilmoittaa selke\u00e4sti kaikkien pelaajien kuullen ruudussa olevat pelatut numerot ja pelinjohtaja varmistaa ne edess\u00e4\u00e4n olevalta pelattujen pallojen laudalta ja hyv\u00e4ksyy bingon tai hylk\u00e4\u00e4, mik\u00e4li se ei ole oikein. S\u00e4hk\u00f6isell\u00e4 arvontaohjelmalla pelattu peli tarkistetaan ohjelman toimesta automaattisesti, kun bingolehden tarkistusnumero sy\u00f6tet\u00e4\u00e4n siihen. Peliavustaja luovuttaa voiton heti suoraan pelaajalle. Viimeksi pelinjohtajan py\u00f6ritt\u00e4m\u00e4 ja ilmoittama tai arvontaohjelman lukema numero on oltava voittoriviss\u00e4 mukana. Jos pelinjohtaja tai arvontaohjelma on ehtinyt ilmoittaa seuraavan pelattavan numeron ja joku pelaaja olikin saanut bingon jo edellisell\u00e4 numerolla, mutta ei sit\u00e4 silloin ilmoittanut, h\u00e4nen bingoa ei en\u00e4\u00e4 hyv\u00e4ksyt\u00e4. Jos bingo sattuu useammalle pelaajalle yht\u00e4 aikaa, voitto voidaan jakaa pelaajien kesken heid\u00e4n kaikkien niin halutessa. Mik\u00e4li joku bingon saanut pelaaja vaatii arvontaa, suoritetaan voiton arvonta.<\/p>\n<p>Pelikirjan j\u00e4lkeen pelataan irtolehti, jossa kolmen rivin bingossa on koko bingopelin p\u00e4\u00e4palkinto.<\/p>\n<p>Irtolehti myyd\u00e4\u00e4n erikseen. Pelaaja voi ostaa haluamansa m\u00e4\u00e4r\u00e4\u00e4n pelilehti\u00e4.<\/p>\n<p>Kestil\u00e4n Kisa-Veikot ry.<br \/>\nSeurantie 3<br \/>\n92700 Kestil\u00e4<\/p>\n","protected":false},"excerpt":{"rendered":"<p>S\u00e4\u00e4nn\u00f6t perustuvat yleisiin bingopeliohjeisiin ja k\u00e4yt\u00e4nt\u00f6\u00f6n. Bingopeliss\u00e4 k\u00e4ytet\u00e4\u00e4n virallisia hyv\u00e4ksyttyj\u00e4 pelikirjoja ja pelilehti\u00e4. Pelikirja sis\u00e4lt\u00e4\u00e4 kuusi pelilehte\u00e4, jotka pelataan numeroidussa j\u00e4rjestyksess\u00e4. Pelikirjan lis\u00e4ksi pelataan erillinen viisikkobingolehti ja irtolehti. Irtolehdell\u00e4 pelataan Bingon p\u00e4\u00e4voitto. Pelaaja voi ostaa erikseen tai yhdess\u00e4 yhden tai useamman pelikirjan, viisikkobingolehden ja irtolehden. Bingoa py\u00f6ritt\u00e4\u00e4 pelin johtaja. Jos k\u00e4ytet\u00e4\u00e4n mekaanista arvontalaitetta, ennen pelin [&hellip;]<\/p>\n","protected":false},"author":101011,"featured_media":0,"parent":0,"menu_order":0,"comment_status":"closed","ping_status":"open","template":"","meta":{"ngg_post_thumbnail":0,"footnotes":""},"class_list":["post-165","page","type-page","status-publish","hentry"],"_links":{"self":[{"href":"http:\/\/kestilankisaveikot.net\/wordpress\/wp-json\/wp\/v2\/pages\/165","targetHints":{"allow":["GET"]}}],"collection":[{"href":"http:\/\/kestilankisaveikot.net\/wordpress\/wp-json\/wp\/v2\/pages"}],"about":[{"href":"http:\/\/kestilankisaveikot.net\/wordpress\/wp-json\/wp\/v2\/types\/page"}],"author":[{"embeddable":true,"href":"http:\/\/kestilankisaveikot.net\/wordpress\/wp-json\/wp\/v2\/users\/101011"}],"replies":[{"embeddable":true,"href":"http:\/\/kestilankisaveikot.net\/wordpress\/wp-json\/wp\/v2\/comments?post=165"}],"version-history":[{"count":8,"href":"http:\/\/kestilankisaveikot.net\/wordpress\/wp-json\/wp\/v2\/pages\/165\/revisions"}],"predecessor-version":[{"id":3672,"href":"http:\/\/kestilankisaveikot.net\/wordpress\/wp-json\/wp\/v2\/pages\/165\/revisions\/3672"}],"wp:attachment":[{"href":"http:\/\/kestilankisaveikot.net\/wordpress\/wp-json\/wp\/v2\/media?parent=165"}],"curies":[{"name":"wp","href":"https:\/\/api.w.org\/{rel}","templated":true}]}}